{"id":2,"date":"2026-03-02T14:23:02","date_gmt":"2026-03-02T14:23:02","guid":{"rendered":"https:\/\/peterogmalene.hyacintvej.dk\/?page_id=2"},"modified":"2026-03-08T08:29:53","modified_gmt":"2026-03-08T08:29:53","slug":"sample-page","status":"publish","type":"page","link":"https:\/\/peterogmalene.hyacintvej.dk\/","title":{"rendered":"Malene &amp; Peter"},"content":{"rendered":"\n<figure class=\"wp-block-image size-large\"><img loading=\"lazy\" decoding=\"async\" width=\"768\" height=\"1024\" src=\"https:\/\/peterogmalene.hyacintvej.dk\/wp-content\/uploads\/2026\/03\/image-768x1024.jpeg\" alt=\"\" class=\"wp-image-10\" srcset=\"https:\/\/peterogmalene.hyacintvej.dk\/wp-content\/uploads\/2026\/03\/image-768x1024.jpeg 768w, https:\/\/peterogmalene.hyacintvej.dk\/wp-content\/uploads\/2026\/03\/image-225x300.jpeg 225w, https:\/\/peterogmalene.hyacintvej.dk\/wp-content\/uploads\/2026\/03\/image-1152x1536.jpeg 1152w, https:\/\/peterogmalene.hyacintvej.dk\/wp-content\/uploads\/2026\/03\/image.jpeg 1200w\" sizes=\"auto, (max-width: 768px) 100vw, 768px\" \/><\/figure>\n\n\n\n<blockquote class=\"wp-block-quote is-layout-flow wp-block-quote-is-layout-flow\">\n<p>COUNTDOWN HER<\/p>\n<\/blockquote>\n\n\n\n<p class=\"has-text-align-center\">Vi skal giftes!<\/p>\n\n\n\n<p class=\"has-text-align-center\">Det vil vi rigtig gerne fejre sammen med jer.&nbsp;<\/p>\n\n\n\n<p class=\"has-text-align-center\"><strong>L\u00f8rdag den 10. oktober 2026 kl. 12<\/strong><\/p>\n\n\n\n<hr class=\"wp-block-separator has-alpha-channel-opacity\"\/>\n\n\n\n<h2 class=\"wp-block-heading\">Vielse i Egeb\u00e6ksvang Kirke<\/h2>\n\n\n\n<p>Klokken 12 begynder vielsen i Egeb\u00e6ksvang Kirke.&nbsp;<\/p>\n\n\n\n<p><em>Adresse:<\/em><\/p>\n\n\n\n<p>Egeb\u00e6ksvang Kirke<\/p>\n\n\n\n<p>Strandvejen 336D<\/p>\n\n\n\n<p>3060 Esperg\u00e6rde<\/p>\n\n\n\n<p><\/p>\n\n\n\n<hr class=\"wp-block-separator has-alpha-channel-opacity\"\/>\n\n\n\n<h2 class=\"wp-block-heading\"><strong><em>Bryllupsfest p\u00e5 Munkerupgaard<\/em><\/strong><\/h2>\n\n\n\n<p>Efter vielsen forts\u00e6tter vi fejringen med reception, middag og fest p\u00e5 Munkerupgaard.<\/p>\n\n\n\n<p>For jer, der har booket v\u00e6relse, vil der v\u00e6re mulighed for at tjekke ind ved ankomst. Herefter er I meget velkomne til at nyde b\u00e5de ude- og indeomr\u00e5derne med en forfriskning, inden vi samles til reception.<\/p>\n\n\n\n<p>Vi gl\u00e6der os til at byde jer velkommen. Receptionen forventes at begynde kl. 15.<\/p>\n\n\n\n<p><em>Adresse:<\/em><\/p>\n\n\n\n<p>Munkerupgaard<\/p>\n\n\n\n<p>J\u00f8rgenshvilevej 10<\/p>\n\n\n\n<p>3250 Gilleleje<\/p>\n\n\n\n<hr class=\"wp-block-separator has-alpha-channel-opacity\"\/>\n\n\n\n<h2 class=\"wp-block-heading\"><strong><em>Overnatning<\/em><\/strong><\/h2>\n\n\n\n<p>Munkerupgaard r\u00e5der over et begr\u00e6nset antal v\u00e6relser. Hvis I \u00f8nsker at overnatte, m\u00e5 I meget gerne give os besked hurtigst muligt, da der desv\u00e6rre ikke er plads til alle g\u00e6ster.<\/p>\n\n\n\n<p>Prisen pr. v\u00e6relse er 995 kr. og afregnes direkte med Munkerupgaard.<\/p>\n\n\n\n<p>Udtjekning er senest kl. 12.<\/p>\n\n\n\n<p>Da Munkerupgaard ligger helt ned til vandet, er der ogs\u00e5 mulighed for en morgendukkert for de morgenfriske.&nbsp;<\/p>\n\n\n\n<p><\/p>\n\n\n\n<hr class=\"wp-block-separator has-alpha-channel-opacity\"\/>\n\n\n\n<p><strong><em>Toastmaster<\/em><\/strong><\/p>\n\n\n\n<p>Vores toastmaster vil v\u00e6re Ida Ewert Sort.&nbsp;<\/p>\n\n\n\n<p>Hvis I \u00f8nsker at lave et indslag p\u00e5 dagen, bedes I kontakte Ida inden brylluppet, s\u00e5 hun kan koordinere dagens indslag.&nbsp;<\/p>\n\n\n\n<p>Hun kan kontaktes p\u00e5 tlf. 53 37 15 05<\/p>\n\n\n\n<p><\/p>\n\n\n\n<h2 class=\"wp-block-heading\"><strong><em>\u00d8nskeliste<\/em><\/strong><\/h2>\n\n\n\n<p>Vi \u00f8nsker os:&nbsp;<\/p>\n\n\n\n<ul class=\"wp-block-list\">\n<li>Penge til bryllupsrejse<\/li>\n\n\n\n<li>Oplevelser med jer m\/u b\u00f8rn<\/li>\n\n\n\n<li>Se flere \u00f8nsker her: <a href=\"https:\/\/onskeskyen.dk\/da\/wishlists\/ZmYBlpGyQFeaiPac\">https:\/\/onskeskyen.dk\/da\/wishlists\/ZmYBlpGyQFeaiPac<\/a><\/li>\n<\/ul>\n\n\n\n<p>Da vi allerhelst vil bruge tiden p\u00e5 at v\u00e6re sammen med jer, tager vi gaverne med hjem og gl\u00e6der os til at \u00e5bne dem efterf\u00f8lgende.&nbsp;<\/p>\n\n\n\n<hr class=\"wp-block-separator has-alpha-channel-opacity\"\/>\n\n\n\n<h2 class=\"wp-block-heading\"><strong><em>Tidsplan<\/em><\/strong><\/h2>\n\n\n\n<p>Kl. 12.00 Vielse i Egeb\u00e6ksvang Kirke.<\/p>\n\n\n\n<p>Kl. 13.30 Ankomst til Munkerupgaard.<br><br><em>Her vil der v\u00e6re mulighed for at tjekke ind p\u00e5 v\u00e6relserne, og kolde&nbsp;<\/em><\/p>\n\n\n\n<p><em>drikkevarer kan nydes, mens I finder jer til rette.<\/em><\/p>\n\n\n\n<p><em>I kan opholde jer b\u00e5de ude og inde \u2013 m\u00e5ske med et spil i haven, som Munkerupgaard stiller til r\u00e5dighed, eller indend\u00f8rs med bordfodbold, bordtennis eller en stund i pejsestuen.<\/em><\/p>\n\n\n\n<p><em>Imens vil vi f\u00e5 taget vores bryllupsbilleder.<\/em><\/p>\n\n\n\n<p>Kl. 15.00 Reception med lette anretninger og bryllupskage.<\/p>\n\n\n\n<p>Kl. 17.30 Middag<br><\/p>\n\n\n\n<p>Kl. 23.00 Festen begynder, og DJ\u2019en s\u00f8rger for musikken og \u00e5bner dansegulvet.<\/p>\n\n\n\n<p>Kl. 01.00 Natmad bliver serveret.&nbsp;<\/p>\n\n\n\n<p>Kl. 02.00 Festen i det prim\u00e6re rum slutter ,og DJ\u2019en runder aftenen af.<\/p>\n\n\n\n<p><em>For de festglade, kan festen forts\u00e6tte med soundsboks i pejsestuen.<\/em><\/p>\n\n\n\n<p>Kl. 09.00 F\u00e6lles morgenmad.<br><\/p>\n\n\n\n<p>Kl. 12.00 Senest udtjekning.<\/p>\n\n\n\n<p><\/p>\n\n\n\n<h2 class=\"wp-block-heading\"><strong>VI GL\u00c6DER\u00a0 OS TIL AT FEJRE DAGEN MED JER!<\/strong><\/h2>\n\n\n\n<figure class=\"wp-block-image size-large\"><img loading=\"lazy\" decoding=\"async\" width=\"768\" height=\"1024\" src=\"https:\/\/peterogmalene.hyacintvej.dk\/wp-content\/uploads\/2026\/03\/image-1-768x1024.jpeg\" alt=\"\" class=\"wp-image-19\" srcset=\"https:\/\/peterogmalene.hyacintvej.dk\/wp-content\/uploads\/2026\/03\/image-1-768x1024.jpeg 768w, https:\/\/peterogmalene.hyacintvej.dk\/wp-content\/uploads\/2026\/03\/image-1-225x300.jpeg 225w, https:\/\/peterogmalene.hyacintvej.dk\/wp-content\/uploads\/2026\/03\/image-1-1152x1536.jpeg 1152w, https:\/\/peterogmalene.hyacintvej.dk\/wp-content\/uploads\/2026\/03\/image-1.jpeg 1200w\" sizes=\"auto, (max-width: 768px) 100vw, 768px\" \/><\/figure>\n","protected":false},"excerpt":{"rendered":"<p>COUNTDOWN HER Vi skal giftes! Det vil vi rigtig gerne fejre sammen med jer.&nbsp; L\u00f8rdag den 10. oktober 2026 kl. 12 Vielse i Egeb\u00e6ksvang Kirke Klokken 12 begynder vielsen i Egeb\u00e6ksvang Kirke.&nbsp; Adresse: Egeb\u00e6ksvang Kirke Strandvejen 336D 3060 Esperg\u00e6rde Bryllupsfest p\u00e5 Munkerupgaard Efter vielsen forts\u00e6tter vi fejringen med reception, middag og fest p\u00e5 Munkerupgaard. For [&hellip;]<\/p>\n","protected":false},"author":1,"featured_media":0,"parent":0,"menu_order":0,"comment_status":"closed","ping_status":"open","template":"","meta":{"footnotes":""},"class_list":["post-2","page","type-page","status-publish","hentry"],"_links":{"self":[{"href":"https:\/\/peterogmalene.hyacintvej.dk\/index.php\/wp-json\/wp\/v2\/pages\/2","targetHints":{"allow":["GET"]}}],"collection":[{"href":"https:\/\/peterogmalene.hyacintvej.dk\/index.php\/wp-json\/wp\/v2\/pages"}],"about":[{"href":"https:\/\/peterogmalene.hyacintvej.dk\/index.php\/wp-json\/wp\/v2\/types\/page"}],"author":[{"embeddable":true,"href":"https:\/\/peterogmalene.hyacintvej.dk\/index.php\/wp-json\/wp\/v2\/users\/1"}],"replies":[{"embeddable":true,"href":"https:\/\/peterogmalene.hyacintvej.dk\/index.php\/wp-json\/wp\/v2\/comments?post=2"}],"version-history":[{"count":6,"href":"https:\/\/peterogmalene.hyacintvej.dk\/index.php\/wp-json\/wp\/v2\/pages\/2\/revisions"}],"predecessor-version":[{"id":20,"href":"https:\/\/peterogmalene.hyacintvej.dk\/index.php\/wp-json\/wp\/v2\/pages\/2\/revisions\/20"}],"wp:attachment":[{"href":"https:\/\/peterogmalene.hyacintvej.dk\/index.php\/wp-json\/wp\/v2\/media?parent=2"}],"curies":[{"name":"wp","href":"https:\/\/api.w.org\/{rel}","templated":true}]}}